{"id":643,"date":"2025-10-28T01:32:01","date_gmt":"2025-10-28T01:32:01","guid":{"rendered":"https:\/\/felizia.co\/?post_type=product&#038;p=643"},"modified":"2026-02-05T01:55:39","modified_gmt":"2026-02-05T01:55:39","slug":"vampirizacion","status":"publish","type":"product","link":"https:\/\/felizia.co\/en\/felicitaciones-en-video-con-ia\/felicitaciones-de-halloween-en-video-con-ia\/vampirizacion\/","title":{"rendered":"Halloween \u2013 Transformation into a Vampire"},"content":{"rendered":"<div style=\"width: 480px;\" class=\"wp-video\"><!--[if lt IE 9]><script>document.createElement('video');<\/script><![endif]-->\n<video class=\"wp-video-shortcode\" id=\"video-643-1\" width=\"480\" height=\"864\" preload=\"metadata\" controls=\"controls\"><source type=\"video\/mp4\" src=\"https:\/\/felizia.co\/wp-content\/uploads\/2025\/10\/watermark_replicate-prediction-96g09b111xrmc0ct8ncbheqx2r.mp4?_=1\" \/><a href=\"https:\/\/felizia.co\/wp-content\/uploads\/2025\/10\/watermark_replicate-prediction-96g09b111xrmc0ct8ncbheqx2r.mp4\">https:\/\/felizia.co\/wp-content\/uploads\/2025\/10\/watermark_replicate-prediction-96g09b111xrmc0ct8ncbheqx2r.mp4<\/a><\/video><\/div>\n<h2 data-start=\"182\" data-end=\"232\">\ud83e\udd87 Transf\u00f3rmate en Vampiro con IA<\/h2>\n<h2 data-start=\"182\" data-end=\"232\">Halloween<\/h2>\n<p data-start=\"234\" data-end=\"555\">Deja que la noche te reclame.<br data-start=\"263\" data-end=\"266\" \/>Con <strong data-start=\"270\" data-end=\"293\">Halloween AI Fusion<\/strong>, podr\u00e1s vivir una <strong data-start=\"312\" data-end=\"341\">transformaci\u00f3n en vampiro<\/strong> generada por inteligencia artificial que convertir\u00e1 tu imagen en una criatura inmortal de mirada hipn\u00f3tica y elegancia siniestra. Solo tienes que <strong data-start=\"488\" data-end=\"505\">subir tu foto<\/strong> y dejar que la IA despierte tu lado m\u00e1s oscuro.<\/p>\n<p data-start=\"557\" data-end=\"716\">En unos <strong data-start=\"565\" data-end=\"583\">pocos segundos<\/strong>, obtendr\u00e1s un <strong data-start=\"598\" data-end=\"624\">v\u00eddeo breve y realista<\/strong>, perfecto para redes sociales, historias o cualquier contenido con tem\u00e1tica de Halloween.<\/p>\n<p data-start=\"718\" data-end=\"755\">\ud83e\ude78 <strong data-start=\"721\" data-end=\"753\">Caracter\u00edsticas principales:<\/strong><\/p>\n<ul data-start=\"756\" data-end=\"961\">\n<li data-start=\"756\" data-end=\"789\">\n<p data-start=\"758\" data-end=\"789\">Duraci\u00f3n: unos pocos segundos<\/p>\n<\/li>\n<li data-start=\"790\" data-end=\"842\">\n<p data-start=\"792\" data-end=\"842\">V\u00eddeo generado 100 % con inteligencia artificial<\/p>\n<\/li>\n<li data-start=\"843\" data-end=\"873\">\n<p data-start=\"845\" data-end=\"873\">Basado en tu propia imagen<\/p>\n<\/li>\n<li data-start=\"874\" data-end=\"909\">\n<p data-start=\"876\" data-end=\"909\">Estilo g\u00f3tico y cinematogr\u00e1fico<\/p>\n<\/li>\n<li data-start=\"910\" data-end=\"961\">\n<p data-start=\"912\" data-end=\"961\">Ideal para redes sociales o contenido de terror<\/p>\n<\/li>\n<\/ul>\n<p data-start=\"963\" data-end=\"1027\">\ud83d\udc80 <strong data-start=\"966\" data-end=\"989\">Halloween AI Fusion<\/strong>: donde la oscuridad se vuelve arte.<\/p>\n<p data-start=\"1029\" data-end=\"1087\">\ud83e\udd87 <strong data-start=\"1032\" data-end=\"1085\">Sube tu imagen y deja que la noche te transforme.<\/strong><\/p>\n","protected":false},"excerpt":{"rendered":"<p>With <strong data-start=\"270\" data-end=\"293\">Halloween AI Fusion<\/strong>you can live a <strong data-start=\"312\" data-end=\"341\">transformation into a vampire<\/strong> generated by artificial intelligence that will turn your image into a creature immortal gaze hypnotic, and elegantly sinister<\/p>\n<p>\n  \ud83c\udf81 Add your products to the cart and you automatically receive your<br \/>\n  <strong><span style=\"color:#ff9c3f;\">discount codes<\/span><\/strong>.<\/p>","protected":false},"featured_media":647,"template":"","meta":{"_acf_changed":false,"_eb_attr":"","_crdt_document":"","_uag_custom_page_level_css":""},"product_brand":[],"product_cat":[41,19],"product_tag":[23,37,43,42,46,60],"class_list":{"0":"post-643","1":"product","2":"type-product","3":"status-publish","4":"has-post-thumbnail","6":"product_cat-felicitaciones-de-halloween-en-video-con-ia","7":"product_cat-generacion-videos-ia","8":"product_tag-faceswap","9":"product_tag-greetings","10":"product_tag-halloween","11":"product_tag-horror","12":"product_tag-vampirization","13":"product_tag-vampiro","15":"first","16":"outofstock","17":"downloadable","18":"virtual","19":"sold-individually","20":"purchasable","21":"product-type-simple"},"acf":[],"uagb_featured_image_src":{"full":["https:\/\/felizia.co\/wp-content\/uploads\/2025\/10\/vampiro-realista.jpg",768,1344,false],"thumbnail":["https:\/\/felizia.co\/wp-content\/uploads\/2025\/10\/vampiro-realista-150x150.jpg",150,150,true],"medium":["https:\/\/felizia.co\/wp-content\/uploads\/2025\/10\/vampiro-realista-171x300.jpg",171,300,true],"medium_large":["https:\/\/felizia.co\/wp-content\/uploads\/2025\/10\/vampiro-realista.jpg",768,1344,false],"large":["https:\/\/felizia.co\/wp-content\/uploads\/2025\/10\/vampiro-realista-585x1024.jpg",585,1024,true],"1536x1536":["https:\/\/felizia.co\/wp-content\/uploads\/2025\/10\/vampiro-realista.jpg",768,1344,false],"2048x2048":["https:\/\/felizia.co\/wp-content\/uploads\/2025\/10\/vampiro-realista.jpg",768,1344,false],"trp-custom-language-flag":["https:\/\/felizia.co\/wp-content\/uploads\/2025\/10\/vampiro-realista.jpg",7,12,false],"woocommerce_archive_thumbnail":["https:\/\/felizia.co\/wp-content\/uploads\/2025\/10\/vampiro-realista-300x525.jpg",300,525,true],"mailpoet_newsletter_max":["https:\/\/felizia.co\/wp-content\/uploads\/2025\/10\/vampiro-realista.jpg",768,1344,false],"_nx_notification_thumb_100_100":["https:\/\/felizia.co\/wp-content\/uploads\/2025\/10\/vampiro-realista.jpg",57,100,false],"_nx_notification_thumb_200_200":["https:\/\/felizia.co\/wp-content\/uploads\/2025\/10\/vampiro-realista.jpg",114,200,false],"_nx_notification_thumb_300_300":["https:\/\/felizia.co\/wp-content\/uploads\/2025\/10\/vampiro-realista.jpg",171,300,false],"_nx_notification_thumb_400_400":["https:\/\/felizia.co\/wp-content\/uploads\/2025\/10\/vampiro-realista.jpg",229,400,false],"_nx_notification_thumb_500_500":["https:\/\/felizia.co\/wp-content\/uploads\/2025\/10\/vampiro-realista.jpg",286,500,false],"woocommerce_thumbnail":["https:\/\/felizia.co\/wp-content\/uploads\/2025\/10\/vampiro-realista-300x525.jpg",300,525,true],"woocommerce_single":["https:\/\/felizia.co\/wp-content\/uploads\/2025\/10\/vampiro-realista-600x1050.jpg",600,1050,true],"woocommerce_gallery_thumbnail":["https:\/\/felizia.co\/wp-content\/uploads\/2025\/10\/vampiro-realista-100x100.jpg",100,100,true]},"uagb_author_info":{"display_name":"admin","author_link":"https:\/\/felizia.co\/en\/author\/"},"uagb_comment_info":0,"uagb_excerpt":"Con Halloween AI Fusion, podr\u00e1s vivir una transformaci\u00f3n en vampiro generada por inteligencia artificial que convertir\u00e1 tu imagen en una criatura inmortal de mirada hipn\u00f3tica y elegancia siniestra \ud83c\udf81 A\u00f1ade tus productos al carrito y recibe autom\u00e1ticamente tus c\u00f3digos de descuento.","_links":{"self":[{"href":"https:\/\/felizia.co\/en\/wp-json\/wp\/v2\/product\/643","targetHints":{"allow":["GET"]}}],"collection":[{"href":"https:\/\/felizia.co\/en\/wp-json\/wp\/v2\/product"}],"about":[{"href":"https:\/\/felizia.co\/en\/wp-json\/wp\/v2\/types\/product"}],"wp:featuredmedia":[{"embeddable":true,"href":"https:\/\/felizia.co\/en\/wp-json\/wp\/v2\/media\/647"}],"wp:attachment":[{"href":"https:\/\/felizia.co\/en\/wp-json\/wp\/v2\/media?parent=643"}],"wp:term":[{"taxonomy":"product_brand","embeddable":true,"href":"https:\/\/felizia.co\/en\/wp-json\/wp\/v2\/product_brand?post=643"},{"taxonomy":"product_cat","embeddable":true,"href":"https:\/\/felizia.co\/en\/wp-json\/wp\/v2\/product_cat?post=643"},{"taxonomy":"product_tag","embeddable":true,"href":"https:\/\/felizia.co\/en\/wp-json\/wp\/v2\/product_tag?post=643"}],"curies":[{"name":"wp","href":"https:\/\/api.w.org\/{rel}","templated":true}]}}