{"id":3033,"date":"2026-01-26T00:42:35","date_gmt":"2026-01-26T00:42:35","guid":{"rendered":"https:\/\/felizia.co\/terms-and-conditions\/"},"modified":"2026-02-10T03:21:34","modified_gmt":"2026-02-10T03:21:34","slug":"terms-and-conditions-for-affiliates","status":"publish","type":"page","link":"https:\/\/felizia.co\/en\/terms-and-conditions-for-affiliates\/","title":{"rendered":"Terms and conditions of the affiliate program"},"content":{"rendered":"<h1 data-path-to-node=\"3\">TERMS OF SERVICE OF THE AFFILIATE PROGRAM FELIZIA.CO<\/h1>\n<h3 data-path-to-node=\"4\">ACCEPTANCE OF AGREEMENT<\/h3>\n<p data-path-to-node=\"5\">When you register to be an Affiliate in the Affiliate Program Felizia.co (\"Program\"), you agree to be bound by the following terms and conditions (\"Terms of Service\").<\/p>\n<p data-path-to-node=\"6\">Felizia.co reserves the right to update and change the Terms of Service at any time without prior notice. Any new functionality that augment or enhance the current Program, including the release of new tools and resources, shall be subject to these Terms of Service. The continued use of the Program after any such changes shall constitute your consent to the same.<\/p>\n<p data-path-to-node=\"7\">The violation of any of the terms will result in the cancellation of your Account and loss of any affiliate commission will be accumulated. You agree to use the software at your own risk.<\/p>\n<hr data-path-to-node=\"8\" \/>\n<h3 data-path-to-node=\"9\">1. ACCOUNT TERMS<\/h3>\n<ul data-path-to-node=\"10\">\n<li>\n<p data-path-to-node=\"10,0,0\"><b data-path-to-node=\"10,0,0\" data-index-in-node=\"0\">Age:<\/b> You must be at least 18 years old to participate.<\/p>\n<\/li>\n<li>\n<p data-path-to-node=\"10,1,0\"><b data-path-to-node=\"10,1,0\" data-index-in-node=\"0\">Location:<\/b> There are No geographic restrictions; you can participate from any part of the world, provided that the activity is legal in your jurisdiction.<\/p>\n<\/li>\n<li>\n<p data-path-to-node=\"10,2,0\"><b data-path-to-node=\"10,2,0\" data-index-in-node=\"0\">Identity:<\/b> You must be a human being. Do not allow accounts registered by \"bots\" or automated methods. You must provide your legal full name, a valid email address and tax information required.<\/p>\n<\/li>\n<li>\n<p data-path-to-node=\"10,3,0\"><b data-path-to-node=\"10,3,0\" data-index-in-node=\"0\">Safety:<\/b> You are responsible for maintaining the security of your account and password. Felizia.co will not be responsible for losses arising from their lack of diligence on the security.<\/p>\n<\/li>\n<li>\n<p data-path-to-node=\"10,4,0\"><b data-path-to-node=\"10,4,0\" data-index-in-node=\"0\">Uniqueness:<\/b> It is not permitted to maintain more than one account per physical or legal person.<\/p>\n<\/li>\n<li>\n<p data-path-to-node=\"10,5,0\"><b data-path-to-node=\"10,5,0\" data-index-in-node=\"0\">Fair Use:<\/b> You may not use the program for any purpose that is unlawful or unauthorized, always complying with the rules of the EU and of your country of residence.<\/p>\n<\/li>\n<\/ul>\n<hr data-path-to-node=\"11\" \/>\n<h3 data-path-to-node=\"12\">2. LINKS, GRAPHICS, AND FOLLOW-UP<\/h3>\n<ul data-path-to-node=\"13\">\n<li>\n<p data-path-to-node=\"13,0,0\"><b data-path-to-node=\"13,0,0\" data-index-in-node=\"0\">Affiliate code:<\/b> You will be assigned a unique code. You can use the links and banners provided by us following our guidelines.<\/p>\n<\/li>\n<li>\n<p data-path-to-node=\"13,1,0\"><b data-path-to-node=\"13,1,0\" data-index-in-node=\"0\">Special Links:<\/b> For the system to record the sale, you must use the \"Special Links\" are provided. Felizia.co is not responsible if you or the customer used incorrect links or codes are poorly written, which would result in the non-assignment of the commission.<\/p>\n<\/li>\n<li>\n<p data-path-to-node=\"13,2,0\"><b data-path-to-node=\"13,2,0\" data-index-in-node=\"0\">Destination:<\/b> Links must point directly to the page of the product being promoted.<\/p>\n<\/li>\n<\/ul>\n<hr data-path-to-node=\"14\" \/>\n<h3 data-path-to-node=\"15\">3. COMMISSIONS, PRICING AND PAYMENTS<\/h3>\n<ul data-path-to-node=\"16\">\n<li>\n<p data-path-to-node=\"16,0,0\"><b data-path-to-node=\"16,0,0\" data-index-in-node=\"0\">Eligibility:<\/b> A sale is eligible when the customer completes the order in <code data-path-to-node=\"16,0,0\" data-index-in-node=\"76\">https:\/\/felizia.co<\/code> after getting through your Special Link.<\/p>\n<\/li>\n<li>\n<p data-path-to-node=\"16,1,0\"><b data-path-to-node=\"16,1,0\" data-index-in-node=\"0\">Modification of Commissions:<\/b> <b data-path-to-node=\"16,1,0\" data-index-in-node=\"28\">Felizia.co reserves the right to change the percentages or amounts of the fees at any time.<\/b> These changes will apply to sales made on or after the date of modification. The specific details of the commission in effect will always be available in the affiliate control panel.<\/p>\n<\/li>\n<li>\n<p data-path-to-node=\"16,2,0\"><b data-path-to-node=\"16,2,0\" data-index-in-node=\"0\">Price:<\/b> The prices of the products are determined solely by Felizia.co according to our internal policies. Because of that the prices may vary, <b data-path-to-node=\"16,2,0\" data-index-in-node=\"160\">the affiliate must not display a fixed price on your website<\/b>; it is preferable to indicate that the price should be consulted on the website of Felizia.co.<\/p>\n<\/li>\n<li>\n<p data-path-to-node=\"16,3,0\"><b data-path-to-node=\"16,3,0\" data-index-in-node=\"0\">Payment threshold:<\/b> Los pagos se procesar\u00e1n \u00fanicamente cuando las comisiones acumuladas superen el umbral m\u00ednimo aplicable seg\u00fan el tier del afiliado. Si no se alcanza dicho m\u00ednimo, el saldo se mantiene para el periodo siguiente. Los umbrales m\u00ednimos aplicables se describen en el apartado 3.1.<\/p>\n<\/li>\n<li>\n<p data-path-to-node=\"16,4,0\"><b data-path-to-node=\"16,4,0\" data-index-in-node=\"0\">Exclusion of Autocompra:<\/b> We will not pay commissions for products purchased by the affiliate for their own use or by their own links.<\/p>\n<\/li>\n<\/ul>\n<h3 data-path-to-node=\"16a\">3.1 SISTEMA DE TIERS DEL PROGRAMA DE AFILIADOS<\/h3>\n<ul data-path-to-node=\"16b\">\n<li>\n<p data-path-to-node=\"16b,0,0\"><b data-path-to-node=\"16b,0,0\" data-index-in-node=\"0\">Tier 1 \u2014 Starter:<\/b> Aplica a afiliados con entre 0 y 999 ventas acumuladas. Comisi\u00f3n del 30 %. Frecuencia de pago mensual. Pago m\u00ednimo para retiro de 10 \u20ac.<\/p>\n<\/li>\n<li>\n<p data-path-to-node=\"16b,1,0\"><b data-path-to-node=\"16b,1,0\" data-index-in-node=\"0\">Tier 2 \u2014 Active:<\/b> Aplica a afiliados con entre 1.000 y 2.999 ventas acumuladas. Comisi\u00f3n del 35 %. Frecuencia de pago mensual. Pago m\u00ednimo para retiro de 10 \u20ac.<\/p>\n<\/li>\n<li>\n<p data-path-to-node=\"16b,2,0\"><b data-path-to-node=\"16b,2,0\" data-index-in-node=\"0\">Tier 3 \u2014 Pro:<\/b> Aplica a afiliados con entre 3.000 y 6.000 ventas acumuladas. Comisi\u00f3n del 40 %. Frecuencia de pago quincenal. Pago m\u00ednimo para retiro de 20 \u20ac.<\/p>\n<\/li>\n<li>\n<p data-path-to-node=\"16b,3,0\"><b data-path-to-node=\"16b,3,0\" data-index-in-node=\"0\">Tier 4 \u2014 Elite:<\/b> Aplica a afiliados con m\u00e1s de 6.000 ventas acumuladas. Comisi\u00f3n est\u00e1ndar del 45 %. Comisi\u00f3n ampliada de hasta el 50 % en caso de vol\u00famenes mensuales excepcionalmente elevados y previa aprobaci\u00f3n expresa por parte de Felizia.co. Frecuencia de pago semanal o seg\u00fan condiciones pactadas individualmente. Pago m\u00ednimo para retiro de 20 \u20ac.<\/p>\n<\/li>\n<\/ul>\n<h3 data-path-to-node=\"16c\">3.2 BASE DE C\u00c1LCULO DE LAS COMISIONES<\/h3>\n<ul data-path-to-node=\"16d\">\n<li>\n<p data-path-to-node=\"16d,0,0\">Las comisiones del Programa de Afiliados se calcular\u00e1n sobre el margen real obtenido por Felizia.co en cada venta v\u00e1lida, entendi\u00e9ndose como el importe efectivamente percibido por la empresa una vez deducidos los siguientes conceptos.<\/p>\n<\/li>\n<li>\n<p data-path-to-node=\"16d,1,0\">Impuestos indirectos aplicables (incluyendo, sin limitaci\u00f3n, IVA u otros tributos similares).<\/p>\n<\/li>\n<li>\n<p data-path-to-node=\"16d,2,0\">Comisiones y cargos de pasarelas de pago o entidades financieras (incluyendo, sin limitaci\u00f3n, Stripe, Alipay, WeChat Pay, tarjetas bancarias, transferencias u otros medios de pago).<\/p>\n<\/li>\n<li>\n<p data-path-to-node=\"16d,3,0\">Costes directos de generaci\u00f3n del v\u00eddeo o del servicio contratado, con independencia de la tecnolog\u00eda utilizada.<\/p>\n<\/li>\n<li>\n<p data-path-to-node=\"16d,4,0\">Gastos t\u00e9cnicos u operativos imprescindibles para la prestaci\u00f3n del servicio.<\/p>\n<\/li>\n<li>\n<p data-path-to-node=\"16d,5,0\">El porcentaje de comisi\u00f3n correspondiente al tier aplicable se calcular\u00e1 exclusivamente sobre dicho margen.<\/p>\n<\/li>\n<li>\n<p data-path-to-node=\"16d,6,0\">Felizia.co no estar\u00e1 obligada a revelar al afiliado el desglose interno detallado de dichos costes, sin perjuicio de que el afiliado pueda consultar en su panel el importe final acreditado por cada venta.<\/p>\n<\/li>\n<\/ul>\n<h3 data-path-to-node=\"16e\">3.3 POL\u00cdTICA DE REENTREGA Y AUSENCIA DE DEVOLUCIONES AUTOM\u00c1TICAS<\/h3>\n<ul data-path-to-node=\"16f\">\n<li>\n<p data-path-to-node=\"16f,0,0\">Dado el car\u00e1cter digital y personalizado del servicio, una vez iniciado el proceso de generaci\u00f3n del v\u00eddeo no existir\u00e1 derecho autom\u00e1tico de reembolso.<\/p>\n<\/li>\n<li>\n<p data-path-to-node=\"16f,1,0\">No obstante, en caso de resultado defectuoso o insatisfactorio derivado de errores t\u00e9cnicos o limitaciones de los sistemas de generaci\u00f3n, Felizia.co podr\u00e1, a su sola discreci\u00f3n, generar un nuevo v\u00eddeo sin coste adicional para el cliente o proceder al reembolso del importe abonado.<\/p>\n<\/li>\n<li>\n<p data-path-to-node=\"16f,2,0\">En caso de reembolso, la venta no generar\u00e1 comisi\u00f3n para el afiliado o, si ya hubiera sido acreditada, ser\u00e1 descontada del saldo pendiente.<\/p>\n<\/li>\n<\/ul>\n<hr data-path-to-node=\"17\" \/>\n<h3 data-path-to-node=\"18\">4. IDENTIFICATION AND RELATIONSHIP BETWEEN THE PARTIES<\/h3>\n<ul data-path-to-node=\"19\">\n<li>\n<p data-path-to-node=\"19,0,0\"><b data-path-to-node=\"19,0,0\" data-index-in-node=\"0\">Independence:<\/b> You and Felizia.co are independent contractors. This agreement does not create any relationship of partnership, franchise, sales representative, or employment relationship.<\/p>\n<\/li>\n<li>\n<p data-path-to-node=\"19,1,0\"><b data-path-to-node=\"19,1,0\" data-index-in-node=\"0\">Transparency:<\/b> You may not issue press releases or misrepresent your relationship with us. Can't say that it is part of the company or that we develop products together.<\/p>\n<\/li>\n<li>\n<p data-path-to-node=\"19,2,0\"><b data-path-to-node=\"19,2,0\" data-index-in-node=\"0\">Disclosure:<\/b> In accordance with the regulations of the EU, the member must clearly inform its users that receive compensation for sales generated (Notice of Affiliation).<\/p>\n<\/li>\n<\/ul>\n<hr data-path-to-node=\"20\" \/>\n<h3 data-path-to-node=\"21\">5. RESPONSIBILITIES AND LEGAL COMPLIANCE<\/h3>\n<ul data-path-to-node=\"22\">\n<li>\n<p data-path-to-node=\"22,0,0\"><b data-path-to-node=\"22,0,0\" data-index-in-node=\"0\">Operation of the site:<\/b> You are solely responsible for the technical maintenance of the website and of the veracity of the materials that you post.<\/p>\n<\/li>\n<li>\n<p data-path-to-node=\"22,1,0\"><b data-path-to-node=\"22,1,0\" data-index-in-node=\"0\">RGPD (Data Protection):<\/b> You must strictly comply with the General Regulation of Data Protection (EU) 2016\/679. This includes cover in your Privacy Policy regarding the use of third party cookies and tracking of affiliate.<\/p>\n<\/li>\n<li>\n<p data-path-to-node=\"22,2,0\"><b data-path-to-node=\"22,2,0\" data-index-in-node=\"0\">Ethical Marketing:<\/b> It is strictly prohibited to send emails, unsolicited commercial emails (SPAM) under the Law 34\/2002 (LSSI-CE). All communication must comply with Spanish regulations of electronic commerce.<\/p>\n<\/li>\n<\/ul>\n<hr data-path-to-node=\"23\" \/>\n<h3 data-path-to-node=\"24\">6. DURATION, TERMINATION AND LIMITATION OF LIABILITY<\/h3>\n<ul data-path-to-node=\"25\">\n<li>\n<p data-path-to-node=\"25,0,0\"><b data-path-to-node=\"25,0,0\" data-index-in-node=\"0\">Duration:<\/b> The agreement begins with the acceptance of your application and ends when either party gives notice of termination in writing.<\/p>\n<\/li>\n<li>\n<p data-path-to-node=\"25,1,0\"><b data-path-to-node=\"25,1,0\" data-index-in-node=\"0\">Suspension:<\/b> Felizia.co may terminate your account for any reason (especially by methods of aggressive sales, fraudulent or questionable) resulting in the loss of commissions pending.<\/p>\n<\/li>\n<li>\n<p data-path-to-node=\"25,2,0\"><b data-path-to-node=\"25,2,0\" data-index-in-node=\"0\">Limitation:<\/b> Felizia.co will not be liable for any consequential damages or loss of income related to this agreement. Our total liability will not exceed the commissions paid or payable to you.<\/p>\n<\/li>\n<li>\n<p data-path-to-node=\"25,3,0\"><b data-path-to-node=\"25,3,0\" data-index-in-node=\"0\">Warranties:<\/b> We do not warrant that the operation of Felizia.co will be uninterrupted or error-free.<\/p>\n<\/li>\n<\/ul>\n<hr data-path-to-node=\"26\" \/>\n<h3 data-path-to-node=\"27\">7. DISPUTE RESOLUTION<\/h3>\n<ul data-path-to-node=\"28\">\n<li>\n<p data-path-to-node=\"28,0,0\"><b data-path-to-node=\"28,0,0\" data-index-in-node=\"0\">Applicable Law:<\/b> This Agreement shall be governed by and construed in accordance with the laws of <b data-path-to-node=\"28,0,0\" data-index-in-node=\"89\">Spain<\/b>.<\/p>\n<\/li>\n<li>\n<p data-path-to-node=\"28,1,0\"><b data-path-to-node=\"28,1,0\" data-index-in-node=\"0\">Arbitration:<\/b> Any dispute relating to this Agreement shall be submitted to confidential arbitration in the city of <b data-path-to-node=\"28,1,0\" data-index-in-node=\"106\">Santander<\/b>, Cantabria, under the rules of the arbitration system in force in Spain.<\/p>\n<\/li>\n<li>\n<p data-path-to-node=\"28,2,0\"><b data-path-to-node=\"28,2,0\" data-index-in-node=\"0\">Jurisdiction:<\/b> In case not be settled by arbitration, both parties agree to submit to the exclusive jurisdiction of the <b data-path-to-node=\"28,2,0\" data-index-in-node=\"121\">Courts and tribunals of the city of Santander<\/b>, expressly waiving any other jurisdiction that may correspond to them.<\/p>\n<\/li>\n<\/ul>\n<hr data-path-to-node=\"29\" \/>\n<h3 data-path-to-node=\"30\">8. PROTECTION OF PERSONAL DATA OF THE AFFILIATE<\/h3>\n<ul data-path-to-node=\"31\">\n<li>\n<p data-path-to-node=\"31,0,0\">In accordance with the provisions of the RGPD, we inform you that your personal data will be processed by Felizia.co to manage your participation in the program. You can exercise your rights of access, rectification and deletion by sending an email to our support team.<\/p>\n<\/li>\n<\/ul>","protected":false},"excerpt":{"rendered":"<p>T\u00c9RMINOS DE SERVICIO DEL PROGRAMA DE AFILIADOS DE FELIZIA.CO ACEPTACI\u00d3N DEL ACUERDO Al registrarse para ser un Afiliado en el Programa de Afiliados de Felizia.co (\u00abPrograma\u00bb), usted acepta quedar vinculado por los siguientes t\u00e9rminos y condiciones (\u00abT\u00e9rminos de Servicio\u00bb). Felizia.co se reserva el derecho de actualizar y cambiar los T\u00e9rminos de Servicio en cualquier momento [&hellip;]<\/p>\n","protected":false},"author":1,"featured_media":0,"parent":0,"menu_order":0,"comment_status":"closed","ping_status":"closed","template":"","meta":{"_acf_changed":false,"_eb_attr":"","_crdt_document":"","_uag_custom_page_level_css":"","footnotes":""},"class_list":["post-3033","page","type-page","status-publish","hentry"],"blocksy_meta":[],"acf":[],"uagb_featured_image_src":{"full":false,"thumbnail":false,"medium":false,"medium_large":false,"large":false,"1536x1536":false,"2048x2048":false,"trp-custom-language-flag":false,"woocommerce_archive_thumbnail":false,"mailpoet_newsletter_max":false,"_nx_notification_thumb_100_100":false,"_nx_notification_thumb_200_200":false,"_nx_notification_thumb_300_300":false,"_nx_notification_thumb_400_400":false,"_nx_notification_thumb_500_500":false,"woocommerce_thumbnail":false,"woocommerce_single":false,"woocommerce_gallery_thumbnail":false},"uagb_author_info":{"display_name":"admin","author_link":"https:\/\/felizia.co\/en\/author\/admin\/"},"uagb_comment_info":0,"uagb_excerpt":"T\u00c9RMINOS DE SERVICIO DEL PROGRAMA DE AFILIADOS DE FELIZIA.CO ACEPTACI\u00d3N DEL ACUERDO Al registrarse para ser un Afiliado en el Programa de Afiliados de Felizia.co (\u00abPrograma\u00bb), usted acepta quedar vinculado por los siguientes t\u00e9rminos y condiciones (\u00abT\u00e9rminos de Servicio\u00bb). Felizia.co se reserva el derecho de actualizar y cambiar los T\u00e9rminos de Servicio en cualquier momento&hellip;","_links":{"self":[{"href":"https:\/\/felizia.co\/en\/wp-json\/wp\/v2\/pages\/3033","targetHints":{"allow":["GET"]}}],"collection":[{"href":"https:\/\/felizia.co\/en\/wp-json\/wp\/v2\/pages"}],"about":[{"href":"https:\/\/felizia.co\/en\/wp-json\/wp\/v2\/types\/page"}],"author":[{"embeddable":true,"href":"https:\/\/felizia.co\/en\/wp-json\/wp\/v2\/users\/1"}],"replies":[{"embeddable":true,"href":"https:\/\/felizia.co\/en\/wp-json\/wp\/v2\/comments?post=3033"}],"version-history":[{"count":3,"href":"https:\/\/felizia.co\/en\/wp-json\/wp\/v2\/pages\/3033\/revisions"}],"predecessor-version":[{"id":3189,"href":"https:\/\/felizia.co\/en\/wp-json\/wp\/v2\/pages\/3033\/revisions\/3189"}],"wp:attachment":[{"href":"https:\/\/felizia.co\/en\/wp-json\/wp\/v2\/media?parent=3033"}],"curies":[{"name":"wp","href":"https:\/\/api.w.org\/{rel}","templated":true}]}}